
{"id":712,"date":"2018-11-26T17:42:35","date_gmt":"2018-11-26T16:42:35","guid":{"rendered":"http:\/\/patrickmiralles.com\/?page_id=712"},"modified":"2026-04-11T19:21:02","modified_gmt":"2026-04-11T17:21:02","slug":"712-2","status":"publish","type":"page","link":"https:\/\/patrickmiralles.com\/?page_id=712","title":{"rendered":"AFTER WORK"},"content":{"rendered":" <div data-elementor-type=\"wp-post\" data-elementor-id=\"712\" class=\"elementor elementor-712\"> <section class=\"elementor-section elementor-top-section elementor-element elementor-element-47f4382 elementor-section-boxed elementor-section-height-default elementor-section-height-default\" data-id=\"47f4382\" data-element_type=\"section\" data-e-type=\"section\"> <div class=\"elementor-container elementor-column-gap-default\">  <div class=\"elementor-column elementor-col-100 elementor-top-column elementor-element elementor-element-eef1190\" data-id=\"eef1190\" data-element_type=\"column\" data-e-type=\"column\">  <div class=\"elementor-widget-wrap elementor-element-populated\">  <div class=\"elementor-element elementor-element-4122847 elementor-widget elementor-widget-heading\" data-id=\"4122847\" data-element_type=\"widget\" data-e-type=\"widget\" data-widget_type=\"heading.default\">  <div class=\"elementor-widget-container\"> <h3 class=\"elementor-heading-title elementor-size-default\">After work<\/h3> <\/div>  <\/div>  <\/div>  <\/div>  <\/div> <\/section>\n\t\t\t\t<section class=\"elementor-section elementor-top-section elementor-element elementor-element-8be4fb8 elementor-section-boxed elementor-section-height-default elementor-section-height-default\" data-id=\"8be4fb8\" data-element_type=\"section\" data-e-type=\"section\"> <div class=\"elementor-container elementor-column-gap-default\">  <div class=\"elementor-column elementor-col-50 elementor-top-column elementor-element elementor-element-7ef2087\" data-id=\"7ef2087\" data-element_type=\"column\" data-e-type=\"column\">  <div class=\"elementor-widget-wrap elementor-element-populated\">  <div class=\"elementor-element elementor-element-0bbfec0 elementor-widget elementor-widget-image\" data-id=\"0bbfec0\" data-element_type=\"widget\" data-e-type=\"widget\" data-widget_type=\"image.default\">  <div class=\"elementor-widget-container\"> <img fetchpriority=\"high\" decoding=\"async\" width=\"201\" height=\"300\" src=\"https:\/\/patrickmiralles.com\/wp-content\/uploads\/2018\/11\/After-Work-VWEB-2-201x300.jpg\" class=\"attachment-medium size-medium wp-image-713\" alt=\"\" srcset=\"https:\/\/patrickmiralles.com\/wp-content\/uploads\/2018\/11\/After-Work-VWEB-2-201x300.jpg 201w, https:\/\/patrickmiralles.com\/wp-content\/uploads\/2018\/11\/After-Work-VWEB-2.jpg 242w\" sizes=\"(max-width: 201px) 100vw, 201px\" \/> <\/div>  <\/div>  <\/div>  <\/div>  <div class=\"elementor-column elementor-col-50 elementor-top-column elementor-element elementor-element-2d7e050\" data-id=\"2d7e050\" data-element_type=\"column\" data-e-type=\"column\">  <div class=\"elementor-widget-wrap elementor-element-populated\">  <div class=\"elementor-element elementor-element-a38487d elementor-widget elementor-widget-text-editor\" data-id=\"a38487d\" data-element_type=\"widget\" data-e-type=\"widget\" data-widget_type=\"text-editor.default\">  <div class=\"elementor-widget-container\"> <p>C&rsquo;est un projet \u00ab\u00a0familial \u00a0\u00bb si on peut dire. j&rsquo;ai \u00e9t\u00e9 charg\u00e9 par mon fr\u00e8re Pascal de la musique et la mise en son de la pi\u00e8ce \u00e9crite par Jean Chris (mon autre fr\u00e8re).<\/p><p>Le cahier des charges pr\u00e9cisait entre autre qu&rsquo;il fallait enregistrer pour la pi\u00e8ce une chanson des ann\u00e9es 70 d&rsquo;un groupe imaginaire, les \u00ab\u00a0Popins\u00a0\u00bb, et qui parlait d&rsquo;un voyage \u00e0 Katmandou plein de p\u00e9rip\u00e9ties. Le titre de la chanson\u00a0 faisait aussi partie du cahier des charges. Dans la pi\u00e8ce on entend\u00a0 uniquement le d\u00e9but de la chanson, ce qui pour moi est assez dommage, puisque on n&rsquo;entend pas le solo de saxo ( style hautbois indien ) qui donne pas mal de piquant \u00e0 cette \u0153uvre.<\/p><p>Je rends ici justice en vous donnant \u00e0 \u00e9couter une version compl\u00e8te du titre.<\/p> <\/div>  <\/div>  <\/div>  <\/div>  <\/div> <\/section>\n\t\t\t\t<section class=\"elementor-section elementor-top-section elementor-element elementor-element-2d7bf34e elementor-section-boxed elementor-section-height-default elementor-section-height-default\" data-id=\"2d7bf34e\" data-element_type=\"section\" data-e-type=\"section\"> <div class=\"elementor-container elementor-column-gap-default\">  <div class=\"elementor-column elementor-col-50 elementor-top-column elementor-element elementor-element-fe9eff7\" data-id=\"fe9eff7\" data-element_type=\"column\" data-e-type=\"column\">  <div class=\"elementor-widget-wrap\">  <\/div>  <\/div>  <div class=\"elementor-column elementor-col-50 elementor-top-column elementor-element elementor-element-7645fe84\" data-id=\"7645fe84\" data-element_type=\"column\" data-e-type=\"column\">  <div class=\"elementor-widget-wrap elementor-element-populated\">  <div class=\"elementor-element elementor-element-abfc1d9 elementor-widget elementor-widget-zoomsounds_player\" data-id=\"abfc1d9\" data-element_type=\"widget\" data-e-type=\"widget\" data-widget_type=\"zoomsounds_player.default\">  <div class=\"elementor-widget-container\">  <div class=\"dzsap--elementor-widget\">  <div class=\"audioplayer-tobe  playerid-78908699 ap_idx_712_1 is-single-player apconfig-default-settings-for-zoomsounds button-aspect-noir zoomsounds-no-wrapper  skin-wave  ap78908699 auto-init\"  data-options='{\"skinwave_comments_playerid\":\"0\",\"disable_volume\":\"off\",\"design_skin\":\"skin-wave\",\"playfrom\":\"\",\"disable_scrubbar\":\"off\",\"skinwave_enablereflect\":\"on\",\"design_wave_color_bg\":\"74705d\",\"design_wave_color_progress\":\"f49f62\",\"skinwave_wave_mode_canvas_waves_number\":\"3\",\"skinwave_wave_mode_canvas_waves_padding\":\"1\",\"skinwave_wave_mode_canvas_reflection_size\":\"0.25\",\"cue\":\"auto\",\"embedded\":\"off\",\"settings_php_handler\":\"wpdefault\"}' style=\" opacity: 0; \" data-streamtype=\"off\" id=\"ap78908699\" data-playerid=\"78908699\" data-computed-playerid=\"78908699\" data-sanitized_source=\"httppatrickmirallescomwpcontentuploads202005OneUponatime20202mp3\" data-wrapper-image=\"\"  data-sample_time_total=\"233\" data-pcm='[0,0,0.05,0.28,0.1,0.37,0.17,0.15,0.42,0.36,0.34,0.38,0.27,0.27,0.41,0.26,0.15,0.21,0.18,0.32,0.12,0.31,0.21,0.36,0.24,0.35,0.28,0.31,0.49,0.36,0.31,0.48,0.26,0.31,0.24,0.27,0.28,0.22,0.35,0.26,0.13,0.41,0.17,0.17,0.19,0.22,0.26,0.19,0.33,0.23,0.31,0.38,0.52,0.4,0.43,0.31,0.3,0.39,0.19,0.24,0.44,0.29,0.31,0.07,0.21,0.16,0.36,0.17,0.21,0.37,0.25,0.33,0.35,0.27,0.19,0.27,0.27,0.3,0.4,0.2,0.26,0.32,0.23,0.63,0.51,0.35,0.25,0.24,0.27,0.22,0.24,0.24,0.26,0.5,0.35,0.31,0.26,0.35,0.24,0.25,0.19,0.17,0.22,0.3,0.18,0.12,0.36,0.31,0.2,0.32,0.34,0.14,0.33,0.17,0.24,0.27,0.24,0.17,0.19,0.14,0.34,0.16,0.33,0.21,0.04,0.36,0.19,0.18,0.23,0.37,0.29,0.5,0.21,0.31,0.2,0.32,0.37,0.45,0.42,0.11,0.16,0.25,0.36,0.36,0.15,0.26,0.32,0.31,0.57,0.17,0.42,0.28,0.18,0.3,0.42,0.31,0.4,0.15,0.32,0.23,0.26,0.26,0.33,0.27,0.42,0.22,0.28,0.36,0.43,0.51,0.44,0.2,0.2,0.5,0.33,0.08,0.5,0.13,0.18,0.15,0.38,0.68,0.29,0.31,0.31,0.47,0.36,0.28,0.33,0.32,0.22,0.31,0.32,0.27,0.37,0.43,0.27,0.28,0.28,0.52,0.27,0.14,0.29,0.51,0.2,0.22,0.25,0.2,0.33,0.22,0.18,0.32,0.33,0.28,0.25,0.24,0.22,0.51,0.2,0.17,0.49,0.4,0.26,0.37,0.26,0.29,0.16,0.46,0.16,0.3,0.35,0.31,0.27,0.2,0.26,0.34,0.04,0.44,0.3,0.43,0.22,0.32,0.43,0.31,0.23,0.24,0.4,0.31,0.42,0.21,0.35,0.28,0.39,0.24,0.27,0.25,0.28,0.23,0.26,0.33,0.19,0.18,0.23,0.3,0.21,0.25,0.26,0.38,0.32,0.2,0.2,0.47,0.23,0.35,0.36,0.2,0.31,0.26,0.27,0.12,0.11,0.23,0.28,0.28,0.17,0.43,0.37,0.36,0.27,0.27,0.68,0.19,0.31,0.16,0.21,0.29,0.49,0.24,0.14,0.61,0.33,0.6,0.21,0.16,0.24,0.19,0.2,0.21,0.46,0.16,0.44,0.18,0.3,0.27,0.34,0.3,0.4,0.18,0.09,0.18,0.23,0.34,0.25,0.33,0.5,0.37,0.23,0.27,0.33,0.26,0.11,0.41,0.3,0.39,0.15,0.08,0.19,0.29,0.25,0.26,0.48,0.26,0.31,0.19,0.28,0.23,0.24,0.36,0.39,0.08,0.14,0.25,0.37,0.23,0.31,0.27,0.24,0.17,0.32,0.14,0.38,0.06,0.29,0.11,0.22,0.32,0.27,0.08,0.15,0.28,0.25,0.39,0.26,0.31,0.26,0.3,0.2,0.16,0.66,0.54,0.21,0.23,0.3,0.24,0.32,0.25,0.09,0.15,0.08,0.09,0.06,0.06,0.03,0.03,0.02,0.02,0.01,0.01,0,0]' data-type=\"detect\" data-source=\"http:\/\/patrickmiralles.com\/wp-content\/uploads\/2020\/05\/One-Upon-a-time-2020-2.mp3\">  <div hidden class=\"feed-dzsap feed-artist-name\"> P Miralles <\/div>  <div hidden class=\"feed-dzsap feed-song-name\"> Once upon a time in north of Katmandou <\/div>  <div class=\"meta-artist track-meta-for-dzsap\"> <span class=\"the-artist first-line\"><span class=\"first-line-label\" >P Miralles<\/span><\/span><span class=\"the-name the-songname second-line\" >Once upon a time in north of Katmandou<\/span> <\/div>  <div class=\"menu-description\"> <span class=\"the-artist\">P Miralles<\/span><span class=\"the-name\">Once upon a time in north of Katmandou<\/span> <\/div>  <\/div>  <\/div>  <\/div>  <\/div>  <div class=\"elementor-element elementor-element-7db1899 elementor-widget elementor-widget-text-editor\" data-id=\"7db1899\" data-element_type=\"widget\" data-e-type=\"widget\" data-widget_type=\"text-editor.default\">  <div class=\"elementor-widget-container\"> <p>La culpabilit\u00e9 des paroles est partag\u00e9e par Pascal et moi m\u00eame.<\/p> <\/div>  <\/div>  <\/div>  <\/div>  <\/div> <\/section>\n\t\t\t\t<section class=\"elementor-section elementor-top-section elementor-element elementor-element-19d2c56 elementor-section-boxed elementor-section-height-default elementor-section-height-default\" data-id=\"19d2c56\" data-element_type=\"section\" data-e-type=\"section\"> <div class=\"elementor-container elementor-column-gap-default\">  <div class=\"elementor-column elementor-col-50 elementor-top-column elementor-element elementor-element-281d40c\" data-id=\"281d40c\" data-element_type=\"column\" data-e-type=\"column\">  <div class=\"elementor-widget-wrap elementor-element-populated\">  <div class=\"elementor-element elementor-element-20237bc elementor-widget elementor-widget-image\" data-id=\"20237bc\" data-element_type=\"widget\" data-e-type=\"widget\" data-widget_type=\"image.default\">  <div class=\"elementor-widget-container\"> <figure class=\"wp-caption\">\n\t\t\t\t\t\t\t\t\t\t<img decoding=\"async\" width=\"600\" height=\"600\" src=\"https:\/\/patrickmiralles.com\/wp-content\/uploads\/2018\/11\/pepe-marinez.jpg\" class=\"attachment-medium_large size-medium_large wp-image-719\" alt=\"\" srcset=\"https:\/\/patrickmiralles.com\/wp-content\/uploads\/2018\/11\/pepe-marinez.jpg 600w, https:\/\/patrickmiralles.com\/wp-content\/uploads\/2018\/11\/pepe-marinez-150x150.jpg 150w, https:\/\/patrickmiralles.com\/wp-content\/uploads\/2018\/11\/pepe-marinez-300x300.jpg 300w\" sizes=\"(max-width: 600px) 100vw, 600px\" \/>\t\t\t\t\t\t\t\t\t\t\t<figcaption class=\"widget-image-caption wp-caption-text\">P\u00e9p\u00e9 Martinez<\/figcaption>\n\t\t\t\t\t\t\t\t\t\t<\/figure> <\/div>  <\/div>  <\/div>  <\/div>  <div class=\"elementor-column elementor-col-50 elementor-top-column elementor-element elementor-element-e1033d9\" data-id=\"e1033d9\" data-element_type=\"column\" data-e-type=\"column\">  <div class=\"elementor-widget-wrap elementor-element-populated\">  <div class=\"elementor-element elementor-element-98b2937 elementor-widget elementor-widget-image\" data-id=\"98b2937\" data-element_type=\"widget\" data-e-type=\"widget\" data-widget_type=\"image.default\">  <div class=\"elementor-widget-container\"> <figure class=\"wp-caption\">\n\t\t\t\t\t\t\t\t\t\t<img decoding=\"async\" width=\"600\" height=\"600\" src=\"https:\/\/patrickmiralles.com\/wp-content\/uploads\/2018\/11\/Laurent-Eurly-.jpg\" class=\"attachment-medium_large size-medium_large wp-image-726\" alt=\"\" srcset=\"https:\/\/patrickmiralles.com\/wp-content\/uploads\/2018\/11\/Laurent-Eurly-.jpg 600w, https:\/\/patrickmiralles.com\/wp-content\/uploads\/2018\/11\/Laurent-Eurly--150x150.jpg 150w, https:\/\/patrickmiralles.com\/wp-content\/uploads\/2018\/11\/Laurent-Eurly--300x300.jpg 300w\" sizes=\"(max-width: 600px) 100vw, 600px\" \/>\t\t\t\t\t\t\t\t\t\t\t<figcaption class=\"widget-image-caption wp-caption-text\">Laurent Eurly<\/figcaption>\n\t\t\t\t\t\t\t\t\t\t<\/figure> <\/div>  <\/div>  <\/div>  <\/div>  <\/div> <\/section>\n\t\t\t\t<section class=\"elementor-section elementor-top-section elementor-element elementor-element-89ef087 elementor-section-boxed elementor-section-height-default elementor-section-height-default\" data-id=\"89ef087\" data-element_type=\"section\" data-e-type=\"section\"> <div class=\"elementor-container elementor-column-gap-default\">  <div class=\"elementor-column elementor-col-100 elementor-top-column elementor-element elementor-element-ad5c2f2\" data-id=\"ad5c2f2\" data-element_type=\"column\" data-e-type=\"column\">  <div class=\"elementor-widget-wrap elementor-element-populated\">  <div class=\"elementor-element elementor-element-e6050a2 elementor-widget elementor-widget-text-editor\" data-id=\"e6050a2\" data-element_type=\"widget\" data-e-type=\"widget\" data-widget_type=\"text-editor.default\">  <div class=\"elementor-widget-container\"> <p style=\"text-align: center;\">Merci \u00e0 P\u00e9p\u00e9 (chant) et \u00e0 laurent (sax).<\/p> <\/div>  <\/div>  <\/div>  <\/div>  <\/div> <\/section>\n\t\t\t\t<section class=\"elementor-section elementor-top-section elementor-element elementor-element-71cdfb77 elementor-section-boxed elementor-section-height-default elementor-section-height-default\" data-id=\"71cdfb77\" data-element_type=\"section\" data-e-type=\"section\"> <div class=\"elementor-container elementor-column-gap-default\">  <div class=\"elementor-column elementor-col-100 elementor-top-column elementor-element elementor-element-10e2f0e7\" data-id=\"10e2f0e7\" data-element_type=\"column\" data-e-type=\"column\">  <div class=\"elementor-widget-wrap elementor-element-populated\">  <div class=\"elementor-element elementor-element-301fef32 elementor-widget-divider--view-line elementor-widget elementor-widget-divider\" data-id=\"301fef32\" data-element_type=\"widget\" data-e-type=\"widget\" data-widget_type=\"divider.default\">  <div class=\"elementor-widget-container\">  <div class=\"elementor-divider\"> <span class=\"elementor-divider-separator\">\n\t\t\t\t\t\t<\/span> <\/div>  <\/div>  <\/div>  <\/div>  <\/div>  <\/div> <\/section>\n\t\t\t\t<section class=\"elementor-section elementor-top-section elementor-element elementor-element-0181bff elementor-section-boxed elementor-section-height-default elementor-section-height-default\" data-id=\"0181bff\" data-element_type=\"section\" data-e-type=\"section\"> <div class=\"elementor-container elementor-column-gap-default\">  <div class=\"elementor-column elementor-col-100 elementor-top-column elementor-element elementor-element-3d15761\" data-id=\"3d15761\" data-element_type=\"column\" data-e-type=\"column\">  <div class=\"elementor-widget-wrap elementor-element-populated\">  <div class=\"elementor-element elementor-element-8d9ff45 elementor-widget elementor-widget-video\" data-id=\"8d9ff45\" data-element_type=\"widget\" data-e-type=\"widget\" data-settings=\"{&quot;youtube_url&quot;:&quot;https:\\\/\\\/youtu.be\\\/9LxS8kewyNs&quot;,&quot;video_type&quot;:&quot;youtube&quot;,&quot;controls&quot;:&quot;yes&quot;}\" data-widget_type=\"video.default\">  <div class=\"elementor-widget-container\">  <div class=\"elementor-wrapper elementor-open-inline\">  <div class=\"elementor-video\">  <\/div>  <\/div>  <\/div>  <\/div>  <div class=\"elementor-element elementor-element-2c79eed elementor-widget elementor-widget-text-editor\" data-id=\"2c79eed\" data-element_type=\"widget\" data-e-type=\"widget\" data-widget_type=\"text-editor.default\">  <div class=\"elementor-widget-container\"> <a href=\"http:\/\/afterwork-lapiece.com\/After_Work\/After_Work.html\" target=\"_blank\" rel=\"noopener\"> Lien vers le site de la pi\u00e8ce <\/a> <\/div>  <\/div>  <\/div>  <\/div>  <\/div> <\/section> <\/div> ","protected":false},"excerpt":{"rendered":"<p>After work C&rsquo;est un projet \u00ab\u00a0familial \u00a0\u00bb si on peut dire. j&rsquo;ai \u00e9t\u00e9 charg\u00e9 par mon fr\u00e8re Pascal de la musique et la mise en son de la pi\u00e8ce \u00e9crite par Jean Chris (mon autre fr\u00e8re). Le cahier des charges pr\u00e9cisait entre autre qu&rsquo;il fallait enregistrer pour la pi\u00e8ce une chanson des ann\u00e9es 70 d&rsquo;un&#8230;<\/p>\n","protected":false},"author":1,"featured_media":0,"parent":0,"menu_order":0,"comment_status":"closed","ping_status":"closed","template":"","meta":{"_stopmodifiedupdate":false,"_modified_date":"","site-sidebar-layout":"no-sidebar","site-content-layout":"page-builder","ast-site-content-layout":"default","site-content-style":"default","site-sidebar-style":"default","ast-global-header-display":"","ast-banner-title-visibility":"","ast-main-header-display":"","ast-hfb-above-header-display":"","ast-hfb-below-header-display":"","ast-hfb-mobile-header-display":"","site-post-title":"disabled","ast-breadcrumbs-content":"","ast-featured-img":"","footer-sml-layout":"","theme-transparent-header-meta":"default","adv-header-id-meta":"","stick-header-meta":"","header-above-stick-meta":"","header-main-stick-meta":"","header-below-stick-meta":"","astra-migrate-meta-layouts":"default","ast-page-background-enabled":"default","ast-page-background-meta":{"desktop":{"background-color":"","background-image":"","background-repeat":"repeat","background-position":"center center","background-size":"auto","background-attachment":"scroll","background-type":"","background-media":"","overlay-type":"","overlay-color":"","overlay-opacity":"","overlay-gradient":""},"tablet":{"background-color":"","background-image":"","background-repeat":"repeat","background-position":"center center","background-size":"auto","background-attachment":"scroll","background-type":"","background-media":"","overlay-type":"","overlay-color":"","overlay-opacity":"","overlay-gradient":""},"mobile":{"background-color":"","background-image":"","background-repeat":"repeat","background-position":"center center","background-size":"auto","background-attachment":"scroll","background-type":"","background-media":"","overlay-type":"","overlay-color":"","overlay-opacity":"","overlay-gradient":""}},"ast-content-background-meta":{"desktop":{"background-color":"var(--ast-global-color-5)","background-image":"","background-repeat":"repeat","background-position":"center center","background-size":"auto","background-attachment":"scroll","background-type":"","background-media":"","overlay-type":"","overlay-color":"","overlay-opacity":"","overlay-gradient":""},"tablet":{"background-color":"var(--ast-global-color-5)","background-image":"","background-repeat":"repeat","background-position":"center center","background-size":"auto","background-attachment":"scroll","background-type":"","background-media":"","overlay-type":"","overlay-color":"","overlay-opacity":"","overlay-gradient":""},"mobile":{"background-color":"var(--ast-global-color-5)","background-image":"","background-repeat":"repeat","background-position":"center center","background-size":"auto","background-attachment":"scroll","background-type":"","background-media":"","overlay-type":"","overlay-color":"","overlay-opacity":"","overlay-gradient":""}},"footnotes":""},"class_list":["post-712","page","type-page","status-publish","hentry"],"_links":{"self":[{"href":"https:\/\/patrickmiralles.com\/index.php?rest_route=\/wp\/v2\/pages\/712","targetHints":{"allow":["GET"]}}],"collection":[{"href":"https:\/\/patrickmiralles.com\/index.php?rest_route=\/wp\/v2\/pages"}],"about":[{"href":"https:\/\/patrickmiralles.com\/index.php?rest_route=\/wp\/v2\/types\/page"}],"author":[{"embeddable":true,"href":"https:\/\/patrickmiralles.com\/index.php?rest_route=\/wp\/v2\/users\/1"}],"replies":[{"embeddable":true,"href":"https:\/\/patrickmiralles.com\/index.php?rest_route=%2Fwp%2Fv2%2Fcomments&post=712"}],"version-history":[{"count":128,"href":"https:\/\/patrickmiralles.com\/index.php?rest_route=\/wp\/v2\/pages\/712\/revisions"}],"predecessor-version":[{"id":7753,"href":"https:\/\/patrickmiralles.com\/index.php?rest_route=\/wp\/v2\/pages\/712\/revisions\/7753"}],"wp:attachment":[{"href":"https:\/\/patrickmiralles.com\/index.php?rest_route=%2Fwp%2Fv2%2Fmedia&parent=712"}],"curies":[{"name":"wp","href":"https:\/\/api.w.org\/{rel}","templated":true}]}}