
{"id":179,"date":"2014-05-16T11:41:09","date_gmt":"2014-05-16T09:41:09","guid":{"rendered":"http:\/\/patrickmiralles.com\/?page_id=179"},"modified":"2022-10-26T20:07:29","modified_gmt":"2022-10-26T18:07:29","slug":"contact","status":"publish","type":"page","link":"https:\/\/patrickmiralles.com\/?page_id=179","title":{"rendered":"Contact"},"content":{"rendered":" <div data-elementor-type=\"wp-post\" data-elementor-id=\"179\" class=\"elementor elementor-179\"> <section class=\"elementor-section elementor-top-section elementor-element elementor-element-c207525 elementor-section-boxed elementor-section-height-default elementor-section-height-default\" data-id=\"c207525\" data-element_type=\"section\" data-e-type=\"section\" data-settings=\"{&quot;background_background&quot;:&quot;classic&quot;}\"> <div class=\"elementor-background-overlay\">  <\/div>  <div class=\"elementor-container elementor-column-gap-default\">  <div class=\"elementor-column elementor-col-100 elementor-top-column elementor-element elementor-element-96a34ba\" data-id=\"96a34ba\" data-element_type=\"column\" data-e-type=\"column\">  <div class=\"elementor-widget-wrap elementor-element-populated\">  <div class=\"elementor-element elementor-element-621ef77 elementor-widget elementor-widget-heading\" data-id=\"621ef77\" data-element_type=\"widget\" data-e-type=\"widget\" data-widget_type=\"heading.default\">  <div class=\"elementor-widget-container\"> <h3 class=\"elementor-heading-title elementor-size-default\">Contact<\/h3> <\/div>  <\/div>  <\/div>  <\/div>  <\/div> <\/section>\n\t\t\t\t<section class=\"elementor-section elementor-top-section elementor-element elementor-element-259d3cc1 elementor-section-boxed elementor-section-height-default elementor-section-height-default\" data-id=\"259d3cc1\" data-element_type=\"section\" data-e-type=\"section\" data-settings=\"{&quot;background_background&quot;:&quot;classic&quot;}\"> <div class=\"elementor-container elementor-column-gap-default\">  <div class=\"elementor-column elementor-col-50 elementor-top-column elementor-element elementor-element-52d15270\" data-id=\"52d15270\" data-element_type=\"column\" data-e-type=\"column\">  <div class=\"elementor-widget-wrap elementor-element-populated\">  <div class=\"elementor-element elementor-element-bca95b9 elementor-position-inline-start elementor-view-default elementor-mobile-position-block-start elementor-widget elementor-widget-icon-box\" data-id=\"bca95b9\" data-element_type=\"widget\" data-e-type=\"widget\" data-widget_type=\"icon-box.default\">  <div class=\"elementor-widget-container\">  <div class=\"elementor-icon-box-wrapper\">  <div class=\"elementor-icon-box-icon\"> <span  class=\"elementor-icon\">\n\t\t\t\t<i aria-hidden=\"true\" class=\"icon icon-smartphone\"><\/i>\t\t\t\t<\/span> <\/div>  <div class=\"elementor-icon-box-content\"> <h3 class=\"elementor-icon-box-title\">\n\t\t\t\t\t\t<span  >\n\t\t\t\t\t\t\t  06 89 20 10 04\t\t\t\t\t\t<\/span>\n\t\t\t\t\t<\/h3> <\/div>  <\/div>  <\/div>  <\/div>  <div class=\"elementor-element elementor-element-5f8f76b elementor-position-inline-start elementor-view-default elementor-mobile-position-block-start elementor-widget elementor-widget-icon-box\" data-id=\"5f8f76b\" data-element_type=\"widget\" data-e-type=\"widget\" data-widget_type=\"icon-box.default\">  <div class=\"elementor-widget-container\">  <div class=\"elementor-icon-box-wrapper\">  <div class=\"elementor-icon-box-icon\"> <span  class=\"elementor-icon\">\n\t\t\t\t<i aria-hidden=\"true\" class=\"far fa-edit\"><\/i>\t\t\t\t<\/span> <\/div>  <div class=\"elementor-icon-box-content\"> <h3 class=\"elementor-icon-box-title\">\n\t\t\t\t\t\t<span  >\n\t\t\t\t\t\t\tFORMULAIRE\t\t\t\t\t\t<\/span>\n\t\t\t\t\t<\/h3>\n\t\t\t\t\n\t\t\t\t\t\t\t\t\t<p class=\"elementor-icon-box-description\">\n\t\t\t\t\t\tPour tout renseignement compl\u00e9mentaire, n\u2019h\u00e9sitez pas \u00e0 remplir ce formulaire, je vous r\u00e9pondrai dans les meilleurs d\u00e9lais possibles.\t\t\t\t\t<\/p> <\/div>  <\/div>  <\/div>  <\/div>  <div class=\"elementor-element elementor-element-9c7f5d1 elementor-widget elementor-widget-image\" data-id=\"9c7f5d1\" data-element_type=\"widget\" data-e-type=\"widget\" data-widget_type=\"image.default\">  <div class=\"elementor-widget-container\"> <img fetchpriority=\"high\" decoding=\"async\" width=\"300\" height=\"300\" src=\"http:\/\/patrickmiralles.com\/wp-content\/uploads\/2021\/02\/music-748125_1920-1-1-300x300-1.jpg\" class=\"attachment-large size-large wp-image-4526\" alt=\"\" srcset=\"http:\/\/patrickmiralles.com\/wp-content\/uploads\/2021\/02\/music-748125_1920-1-1-300x300-1.jpg 300w, http:\/\/patrickmiralles.com\/wp-content\/uploads\/2021\/02\/music-748125_1920-1-1-300x300-1-150x150.jpg 150w\" sizes=\"(max-width: 300px) 100vw, 300px\" \/> <\/div>  <\/div>  <\/div>  <\/div>  <div class=\"elementor-column elementor-col-50 elementor-top-column elementor-element elementor-element-692f1481\" data-id=\"692f1481\" data-element_type=\"column\" data-e-type=\"column\">  <div class=\"elementor-widget-wrap elementor-element-populated\">  <div class=\"elementor-element elementor-element-967d8d5 elementor-widget elementor-widget-shortcode\" data-id=\"967d8d5\" data-element_type=\"widget\" data-e-type=\"widget\" data-widget_type=\"shortcode.default\">  <div class=\"elementor-widget-container\">  <div class=\"elementor-shortcode\">  <div class=\"wpcf7 no-js\" id=\"wpcf7-f854-o1\" lang=\"fr-FR\" dir=\"ltr\" data-wpcf7-id=\"854\">  <div class=\"screen-reader-response\"> <p role=\"status\" aria-live=\"polite\" aria-atomic=\"true\"><\/p> <ul><\/ul> <\/div> <form action=\"\/index.php?rest_route=%2Fwp%2Fv2%2Fpages%2F179#wpcf7-f854-o1\" method=\"post\" class=\"wpcf7-form init cf7skins cf7s-caspar\" aria-label=\"Formulaire de contact\" novalidate=\"novalidate\" data-status=\"init\">\n<fieldset class=\"hidden-fields-container\"><input type=\"hidden\" name=\"_wpcf7\" value=\"854\" \/><input type=\"hidden\" name=\"_wpcf7_version\" value=\"6.1.5\" \/><input type=\"hidden\" name=\"_wpcf7_locale\" value=\"fr_FR\" \/><input type=\"hidden\" name=\"_wpcf7_unit_tag\" value=\"wpcf7-f854-o1\" \/><input type=\"hidden\" name=\"_wpcf7_container_post\" value=\"0\" \/><input type=\"hidden\" name=\"_wpcf7_posted_data_hash\" value=\"\" \/>\n<\/fieldset>\n<label> Votre nom *\n    <span class=\"wpcf7-form-control-wrap\" data-name=\"your-name\"><input size=\"40\" maxlength=\"400\" class=\"wpcf7-form-control wpcf7-text wpcf7-validates-as-required\" aria-required=\"true\" aria-invalid=\"false\" value=\"\" type=\"text\" name=\"your-name\" \/><\/span> <\/label>\n\n<label> Votre adresse de messagerie *\n    <span class=\"wpcf7-form-control-wrap\" data-name=\"your-email\"><input size=\"40\" maxlength=\"400\" class=\"wpcf7-form-control wpcf7-email wpcf7-validates-as-required wpcf7-text wpcf7-validates-as-email\" aria-required=\"true\" aria-invalid=\"false\" value=\"\" type=\"email\" name=\"your-email\" \/><\/span> <\/label>\n\n<label> Objet\n    <span class=\"wpcf7-form-control-wrap\" data-name=\"your-subject\"><input size=\"40\" maxlength=\"400\" class=\"wpcf7-form-control wpcf7-text\" aria-invalid=\"false\" value=\"\" type=\"text\" name=\"your-subject\" \/><\/span> <\/label>\n\n<label> Votre message\n    <span class=\"wpcf7-form-control-wrap\" data-name=\"your-message\"><textarea cols=\"40\" rows=\"10\" maxlength=\"2000\" class=\"wpcf7-form-control wpcf7-textarea\" aria-invalid=\"false\" name=\"your-message\"><\/textarea><\/span> <\/label>\n\n<p> * Obligatoire\n\n<input class=\"wpcf7-form-control wpcf7-submit has-spinner\" type=\"submit\" value=\"Envoyer\" \/><p style=\"display: none !important;\" class=\"akismet-fields-container\" data-prefix=\"_wpcf7_ak_\"><label>&#916;<textarea name=\"_wpcf7_ak_hp_textarea\" cols=\"45\" rows=\"8\" maxlength=\"100\"><\/textarea><\/label><input type=\"hidden\" id=\"ak_js_1\" name=\"_wpcf7_ak_js\" value=\"90\"\/><script>document.getElementById( \"ak_js_1\" ).setAttribute( \"value\", ( new Date() ).getTime() );<\/script><\/p> <div class=\"wpcf7-response-output\" aria-hidden=\"true\">  <\/div> <\/form> <\/div>  <\/div>  <\/div>  <\/div>  <\/div>  <\/div>  <\/div> <\/section> <\/div> ","protected":false},"excerpt":{"rendered":"<p>Contact 06 89 20 10 04 FORMULAIRE Pour tout renseignement compl\u00e9mentaire, n\u2019h\u00e9sitez pas \u00e0 remplir ce formulaire, je vous r\u00e9pondrai dans les meilleurs d\u00e9lais possibles.<\/p>\n","protected":false},"author":1,"featured_media":0,"parent":0,"menu_order":1,"comment_status":"closed","ping_status":"open","template":"","meta":{"_stopmodifiedupdate":false,"_modified_date":"","site-sidebar-layout":"no-sidebar","site-content-layout":"default","ast-site-content-layout":"default","site-content-style":"default","site-sidebar-style":"default","ast-global-header-display":"","ast-banner-title-visibility":"","ast-main-header-display":"disabled","ast-hfb-above-header-display":"","ast-hfb-below-header-display":"","ast-hfb-mobile-header-display":"","site-post-title":"disabled","ast-breadcrumbs-content":"","ast-featured-img":"","footer-sml-layout":"","theme-transparent-header-meta":"disabled","adv-header-id-meta":"","stick-header-meta":"","header-above-stick-meta":"","header-main-stick-meta":"","header-below-stick-meta":"","astra-migrate-meta-layouts":"default","ast-page-background-enabled":"default","ast-page-background-meta":{"desktop":{"background-color":"","background-image":"","background-repeat":"repeat","background-position":"center center","background-size":"auto","background-attachment":"scroll","background-type":"","background-media":"","overlay-type":"","overlay-color":"","overlay-opacity":"","overlay-gradient":""},"tablet":{"background-color":"","background-image":"","background-repeat":"repeat","background-position":"center center","background-size":"auto","background-attachment":"scroll","background-type":"","background-media":"","overlay-type":"","overlay-color":"","overlay-opacity":"","overlay-gradient":""},"mobile":{"background-color":"","background-image":"","background-repeat":"repeat","background-position":"center center","background-size":"auto","background-attachment":"scroll","background-type":"","background-media":"","overlay-type":"","overlay-color":"","overlay-opacity":"","overlay-gradient":""}},"ast-content-background-meta":{"desktop":{"background-color":"var(--ast-global-color-5)","background-image":"","background-repeat":"repeat","background-position":"center center","background-size":"auto","background-attachment":"scroll","background-type":"","background-media":"","overlay-type":"","overlay-color":"","overlay-opacity":"","overlay-gradient":""},"tablet":{"background-color":"var(--ast-global-color-5)","background-image":"","background-repeat":"repeat","background-position":"center center","background-size":"auto","background-attachment":"scroll","background-type":"","background-media":"","overlay-type":"","overlay-color":"","overlay-opacity":"","overlay-gradient":""},"mobile":{"background-color":"var(--ast-global-color-5)","background-image":"","background-repeat":"repeat","background-position":"center center","background-size":"auto","background-attachment":"scroll","background-type":"","background-media":"","overlay-type":"","overlay-color":"","overlay-opacity":"","overlay-gradient":""}},"footnotes":""},"class_list":["post-179","page","type-page","status-publish","hentry"],"_links":{"self":[{"href":"https:\/\/patrickmiralles.com\/index.php?rest_route=\/wp\/v2\/pages\/179","targetHints":{"allow":["GET"]}}],"collection":[{"href":"https:\/\/patrickmiralles.com\/index.php?rest_route=\/wp\/v2\/pages"}],"about":[{"href":"https:\/\/patrickmiralles.com\/index.php?rest_route=\/wp\/v2\/types\/page"}],"author":[{"embeddable":true,"href":"https:\/\/patrickmiralles.com\/index.php?rest_route=\/wp\/v2\/users\/1"}],"replies":[{"embeddable":true,"href":"https:\/\/patrickmiralles.com\/index.php?rest_route=%2Fwp%2Fv2%2Fcomments&post=179"}],"version-history":[{"count":92,"href":"https:\/\/patrickmiralles.com\/index.php?rest_route=\/wp\/v2\/pages\/179\/revisions"}],"predecessor-version":[{"id":6655,"href":"https:\/\/patrickmiralles.com\/index.php?rest_route=\/wp\/v2\/pages\/179\/revisions\/6655"}],"wp:attachment":[{"href":"https:\/\/patrickmiralles.com\/index.php?rest_route=%2Fwp%2Fv2%2Fmedia&parent=179"}],"curies":[{"name":"wp","href":"https:\/\/api.w.org\/{rel}","templated":true}]}}