
{"id":578,"date":"2020-03-22T19:16:52","date_gmt":"2020-03-22T18:16:52","guid":{"rendered":"http:\/\/patrickmiralles.com\/?page_id=578"},"modified":"2021-02-21T18:21:16","modified_gmt":"2021-02-21T17:21:16","slug":"activite","status":"publish","type":"page","link":"http:\/\/patrickmiralles.com\/?page_id=578","title":{"rendered":"ACTIVIT\u00c9"},"content":{"rendered":" <div data-elementor-type=\"wp-page\" data-elementor-id=\"578\" class=\"elementor elementor-578\"> <section class=\"elementor-section elementor-top-section elementor-element elementor-element-edd8319 elementor-section-boxed elementor-section-height-default elementor-section-height-default\" data-id=\"edd8319\" data-element_type=\"section\" data-e-type=\"section\"> <div class=\"elementor-container elementor-column-gap-default\">  <div class=\"elementor-column elementor-col-100 elementor-top-column elementor-element elementor-element-c79ecd6\" data-id=\"c79ecd6\" data-element_type=\"column\" data-e-type=\"column\">  <div class=\"elementor-widget-wrap elementor-element-populated\">  <\/div>  <\/div>  <\/div> <\/section>\n\t\t\t\t<section class=\"elementor-section elementor-top-section elementor-element elementor-element-6dbf4af0 elementor-section-boxed elementor-section-height-default elementor-section-height-default\" data-id=\"6dbf4af0\" data-element_type=\"section\" data-e-type=\"section\"> <div class=\"elementor-container elementor-column-gap-default\">  <div class=\"elementor-column elementor-col-100 elementor-top-column elementor-element elementor-element-148aca2e\" data-id=\"148aca2e\" data-element_type=\"column\" data-e-type=\"column\">  <div class=\"elementor-widget-wrap elementor-element-populated\">  <div class=\"elementor-element elementor-element-69580d2c elementor-widget elementor-widget-text-editor\" data-id=\"69580d2c\" data-element_type=\"widget\" data-e-type=\"widget\" data-widget_type=\"text-editor.default\">  <div class=\"elementor-widget-container\"> <p>La principale activit\u00e9 du studio c&rsquo;est la production de musiques personnelles, la coproduction aussi avec d&rsquo;autres artistes.<\/p><p>Le home studio n&rsquo;est pas tr\u00e8s grand, et peu adapt\u00e9 pour recevoir des groupes nombreux.<\/p><p><\/p><p>Il existe par ailleurs pas mal de bons studios pas chers dans la r\u00e9gion, mieux \u00e9quip\u00e9s, tr\u00e8s comp\u00e9tents, plus adapt\u00e9s pour r\u00e9aliser le travail classique de studio pour de grosses formations (par de micros, cabines \u00e9quip\u00e9es, \u00e9quipement vid\u00e9o,..)<\/p><p>je n&rsquo; ai pas personnellement le d\u00e9sir d&rsquo;investir beaucoup pour aller dans ce sens (temps, mat\u00e9riel), et ne tiens pas par ailleurs \u00e0 concurrencer ce secteur. C&rsquo;est le domaine des purs ing\u00e9nieurs du son, pas forc\u00e9ment  musiciens, ce qui n&rsquo;enl\u00e8ve rien \u00e0 leur qualit\u00e9s pour la plus-part.<\/p><p>En dehors de mes productions personnelles, on vient en principe me voir pour un travail  cibl\u00e9 production;<\/p><ul class=\"wp-block-list\"><li> conseils<\/li><li>  enregistrement de maquettes, d&rsquo;instruments solos, de voix<\/li><li> programmation de sampleurs virtuels <\/li><li> arrangement de titres <\/li><li>  ajout de parties diverses (claviers,  batteries virtuelles,basse, guitares&#8230;)<\/li><li>\u00e9dition, montage<\/li><li> mixage, pr\u00e9-mastering <\/li><\/ul><p><\/p><p><\/p><p>En g\u00e9n\u00e9ral ce sont des quo-productions, avec souvent des partages de droits d&rsquo;auteur, compositeur, arrangeur.<\/p><p><\/p><p><\/p><p><\/p><p><\/p><p><\/p> <\/div>  <\/div>  <\/div>  <\/div>  <\/div> <\/section> <\/div> ","protected":false},"excerpt":{"rendered":"<p>La principale activit\u00e9 du studio c&rsquo;est la production de musiques personnelles, la coproduction aussi avec d&rsquo;autres artistes. Le home studio n&rsquo;est pas tr\u00e8s grand, et peu adapt\u00e9 pour recevoir des groupes nombreux. Il existe par ailleurs pas mal de bons studios pas chers dans la r\u00e9gion, mieux \u00e9quip\u00e9s, tr\u00e8s comp\u00e9tents, plus adapt\u00e9s pour r\u00e9aliser le&#8230;<\/p>\n","protected":false},"author":1,"featured_media":0,"parent":0,"menu_order":0,"comment_status":"closed","ping_status":"closed","template":"","meta":{"_stopmodifiedupdate":false,"_modified_date":"","site-sidebar-layout":"default","site-content-layout":"default","ast-site-content-layout":"default","site-content-style":"default","site-sidebar-style":"default","ast-global-header-display":"","ast-banner-title-visibility":"","ast-main-header-display":"","ast-hfb-above-header-display":"","ast-hfb-below-header-display":"","ast-hfb-mobile-header-display":"","site-post-title":"","ast-breadcrumbs-content":"","ast-featured-img":"","footer-sml-layout":"","theme-transparent-header-meta":"default","adv-header-id-meta":"","stick-header-meta":"","header-above-stick-meta":"","header-main-stick-meta":"","header-below-stick-meta":"","astra-migrate-meta-layouts":"default","ast-page-background-enabled":"default","ast-page-background-meta":{"desktop":{"background-color":"","background-image":"","background-repeat":"repeat","background-position":"center center","background-size":"auto","background-attachment":"scroll","background-type":"","background-media":"","overlay-type":"","overlay-color":"","overlay-opacity":"","overlay-gradient":""},"tablet":{"background-color":"","background-image":"","background-repeat":"repeat","background-position":"center center","background-size":"auto","background-attachment":"scroll","background-type":"","background-media":"","overlay-type":"","overlay-color":"","overlay-opacity":"","overlay-gradient":""},"mobile":{"background-color":"","background-image":"","background-repeat":"repeat","background-position":"center center","background-size":"auto","background-attachment":"scroll","background-type":"","background-media":"","overlay-type":"","overlay-color":"","overlay-opacity":"","overlay-gradient":""}},"ast-content-background-meta":{"desktop":{"background-color":"var(--ast-global-color-5)","background-image":"","background-repeat":"repeat","background-position":"center center","background-size":"auto","background-attachment":"scroll","background-type":"","background-media":"","overlay-type":"","overlay-color":"","overlay-opacity":"","overlay-gradient":""},"tablet":{"background-color":"var(--ast-global-color-5)","background-image":"","background-repeat":"repeat","background-position":"center center","background-size":"auto","background-attachment":"scroll","background-type":"","background-media":"","overlay-type":"","overlay-color":"","overlay-opacity":"","overlay-gradient":""},"mobile":{"background-color":"var(--ast-global-color-5)","background-image":"","background-repeat":"repeat","background-position":"center center","background-size":"auto","background-attachment":"scroll","background-type":"","background-media":"","overlay-type":"","overlay-color":"","overlay-opacity":"","overlay-gradient":""}},"footnotes":""},"class_list":["post-578","page","type-page","status-publish","hentry"],"_links":{"self":[{"href":"http:\/\/patrickmiralles.com\/index.php?rest_route=\/wp\/v2\/pages\/578","targetHints":{"allow":["GET"]}}],"collection":[{"href":"http:\/\/patrickmiralles.com\/index.php?rest_route=\/wp\/v2\/pages"}],"about":[{"href":"http:\/\/patrickmiralles.com\/index.php?rest_route=\/wp\/v2\/types\/page"}],"author":[{"embeddable":true,"href":"http:\/\/patrickmiralles.com\/index.php?rest_route=\/wp\/v2\/users\/1"}],"replies":[{"embeddable":true,"href":"http:\/\/patrickmiralles.com\/index.php?rest_route=%2Fwp%2Fv2%2Fcomments&post=578"}],"version-history":[{"count":9,"href":"http:\/\/patrickmiralles.com\/index.php?rest_route=\/wp\/v2\/pages\/578\/revisions"}],"predecessor-version":[{"id":5168,"href":"http:\/\/patrickmiralles.com\/index.php?rest_route=\/wp\/v2\/pages\/578\/revisions\/5168"}],"wp:attachment":[{"href":"http:\/\/patrickmiralles.com\/index.php?rest_route=%2Fwp%2Fv2%2Fmedia&parent=578"}],"curies":[{"name":"wp","href":"https:\/\/api.w.org\/{rel}","templated":true}]}}