
{"id":2534,"date":"2021-01-25T15:41:23","date_gmt":"2021-01-25T14:41:23","guid":{"rendered":"http:\/\/patrickmiralles.com\/?page_id=2534"},"modified":"2021-03-03T12:40:08","modified_gmt":"2021-03-03T11:40:08","slug":"elementor-2534","status":"publish","type":"page","link":"http:\/\/patrickmiralles.com\/?page_id=2534","title":{"rendered":"\u00c9v\u00e8nements"},"content":{"rendered":" <div data-elementor-type=\"wp-page\" data-elementor-id=\"2534\" class=\"elementor elementor-2534\"> <section class=\"elementor-section elementor-top-section elementor-element elementor-element-7efeb04 elementor-section-boxed elementor-section-height-default elementor-section-height-default\" data-id=\"7efeb04\" data-element_type=\"section\" data-e-type=\"section\"> <div class=\"elementor-container elementor-column-gap-default\">  <div class=\"elementor-column elementor-col-100 elementor-top-column elementor-element elementor-element-854bdb9\" data-id=\"854bdb9\" data-element_type=\"column\" data-e-type=\"column\">  <div class=\"elementor-widget-wrap\">  <\/div>  <\/div>  <\/div> <\/section> <\/div> ","protected":false},"excerpt":{"rendered":"<p>mai 2021 Mai 29 29 mai 2021 VOULEZ-VOUS DANSER AVEC MOI ? Place de la calade, place de la calade N\u00eemes, France &nbsp; \u00c7\u00e0 c&rsquo;est de l&rsquo;\u00e9v\u00e8nement (par les temps qui courent). On doit se produire le 29 05\u00a0 2021 \u00e0 N\u00eemes avec les copains, sous la houlette\u00a0 de Rapha\u00ebl Lemonnier, dans&#8230; Voir les d\u00e9tails&#8230;<\/p>\n","protected":false},"author":1,"featured_media":0,"parent":0,"menu_order":0,"comment_status":"closed","ping_status":"closed","template":"elementor_header_footer","meta":{"_stopmodifiedupdate":false,"_modified_date":"","site-sidebar-layout":"default","site-content-layout":"default","ast-site-content-layout":"default","site-content-style":"default","site-sidebar-style":"default","ast-global-header-display":"","ast-banner-title-visibility":"","ast-main-header-display":"disabled","ast-hfb-above-header-display":"","ast-hfb-below-header-display":"","ast-hfb-mobile-header-display":"","site-post-title":"disabled","ast-breadcrumbs-content":"","ast-featured-img":"","footer-sml-layout":"","theme-transparent-header-meta":"default","adv-header-id-meta":"","stick-header-meta":"","header-above-stick-meta":"","header-main-stick-meta":"","header-below-stick-meta":"","astra-migrate-meta-layouts":"default","ast-page-background-enabled":"default","ast-page-background-meta":{"desktop":{"background-color":"","background-image":"","background-repeat":"repeat","background-position":"center center","background-size":"auto","background-attachment":"scroll","background-type":"","background-media":"","overlay-type":"","overlay-color":"","overlay-opacity":"","overlay-gradient":""},"tablet":{"background-color":"","background-image":"","background-repeat":"repeat","background-position":"center center","background-size":"auto","background-attachment":"scroll","background-type":"","background-media":"","overlay-type":"","overlay-color":"","overlay-opacity":"","overlay-gradient":""},"mobile":{"background-color":"","background-image":"","background-repeat":"repeat","background-position":"center center","background-size":"auto","background-attachment":"scroll","background-type":"","background-media":"","overlay-type":"","overlay-color":"","overlay-opacity":"","overlay-gradient":""}},"ast-content-background-meta":{"desktop":{"background-color":"var(--ast-global-color-5)","background-image":"","background-repeat":"repeat","background-position":"center center","background-size":"auto","background-attachment":"scroll","background-type":"","background-media":"","overlay-type":"","overlay-color":"","overlay-opacity":"","overlay-gradient":""},"tablet":{"background-color":"var(--ast-global-color-5)","background-image":"","background-repeat":"repeat","background-position":"center center","background-size":"auto","background-attachment":"scroll","background-type":"","background-media":"","overlay-type":"","overlay-color":"","overlay-opacity":"","overlay-gradient":""},"mobile":{"background-color":"var(--ast-global-color-5)","background-image":"","background-repeat":"repeat","background-position":"center center","background-size":"auto","background-attachment":"scroll","background-type":"","background-media":"","overlay-type":"","overlay-color":"","overlay-opacity":"","overlay-gradient":""}},"footnotes":""},"class_list":["post-2534","page","type-page","status-publish","hentry"],"_links":{"self":[{"href":"http:\/\/patrickmiralles.com\/index.php?rest_route=\/wp\/v2\/pages\/2534","targetHints":{"allow":["GET"]}}],"collection":[{"href":"http:\/\/patrickmiralles.com\/index.php?rest_route=\/wp\/v2\/pages"}],"about":[{"href":"http:\/\/patrickmiralles.com\/index.php?rest_route=\/wp\/v2\/types\/page"}],"author":[{"embeddable":true,"href":"http:\/\/patrickmiralles.com\/index.php?rest_route=\/wp\/v2\/users\/1"}],"replies":[{"embeddable":true,"href":"http:\/\/patrickmiralles.com\/index.php?rest_route=%2Fwp%2Fv2%2Fcomments&post=2534"}],"version-history":[{"count":49,"href":"http:\/\/patrickmiralles.com\/index.php?rest_route=\/wp\/v2\/pages\/2534\/revisions"}],"predecessor-version":[{"id":5709,"href":"http:\/\/patrickmiralles.com\/index.php?rest_route=\/wp\/v2\/pages\/2534\/revisions\/5709"}],"wp:attachment":[{"href":"http:\/\/patrickmiralles.com\/index.php?rest_route=%2Fwp%2Fv2%2Fmedia&parent=2534"}],"curies":[{"name":"wp","href":"https:\/\/api.w.org\/{rel}","templated":true}]}}