
{"id":242,"date":"2014-05-24T15:19:49","date_gmt":"2014-05-24T13:19:49","guid":{"rendered":"http:\/\/patrickmiralles.com\/?page_id=242"},"modified":"2025-02-16T17:45:43","modified_gmt":"2025-02-16T16:45:43","slug":"accueil","status":"publish","type":"page","link":"http:\/\/patrickmiralles.com\/","title":{"rendered":"accueil"},"content":{"rendered":" <div data-elementor-type=\"wp-post\" data-elementor-id=\"242\" class=\"elementor elementor-242\"> <section class=\"elementor-section elementor-top-section elementor-element elementor-element-15c0d53 elementor-section-boxed elementor-section-height-default elementor-section-height-default\" data-id=\"15c0d53\" data-element_type=\"section\" data-e-type=\"section\"> <div class=\"elementor-background-overlay\">  <\/div>  <div class=\"elementor-container elementor-column-gap-default\">  <div class=\"elementor-column elementor-col-100 elementor-top-column elementor-element elementor-element-c23aed7\" data-id=\"c23aed7\" data-element_type=\"column\" data-e-type=\"column\" data-settings=\"{&quot;background_background&quot;:&quot;classic&quot;}\">  <div class=\"elementor-widget-wrap elementor-element-populated\">  <div class=\"elementor-element elementor-element-2646dc6 elementor-widget elementor-widget-heading\" data-id=\"2646dc6\" data-element_type=\"widget\" data-e-type=\"widget\" data-widget_type=\"heading.default\">  <div class=\"elementor-widget-container\"> <h1 class=\"elementor-heading-title elementor-size-default\">Patrick<br>Miralles<\/h1> <\/div>  <\/div>  <div class=\"elementor-element elementor-element-26d3887 elementor-widget elementor-widget-heading\" data-id=\"26d3887\" data-element_type=\"widget\" data-e-type=\"widget\" data-widget_type=\"heading.default\">  <div class=\"elementor-widget-container\"> <h5 class=\"elementor-heading-title elementor-size-default\">Faiseur de musiques<\/h5> <\/div>  <\/div>  <div class=\"elementor-element elementor-element-d0773f4 elementor-widget elementor-widget-image\" data-id=\"d0773f4\" data-element_type=\"widget\" data-e-type=\"widget\" data-widget_type=\"image.default\">  <div class=\"elementor-widget-container\"> <img fetchpriority=\"high\" decoding=\"async\" width=\"200\" height=\"299\" src=\"https:\/\/patrickmiralles.com\/wp-content\/uploads\/2014\/05\/PM_01.jpg\" class=\"attachment-full size-full wp-image-106\" alt=\"\" \/> <\/div>  <\/div>  <\/div>  <\/div>  <\/div> <\/section>\n\t\t\t\t<section class=\"elementor-section elementor-top-section elementor-element elementor-element-ceed499 elementor-section-boxed elementor-section-height-default elementor-section-height-default\" data-id=\"ceed499\" data-element_type=\"section\" data-e-type=\"section\"> <div class=\"elementor-container elementor-column-gap-default\">  <div class=\"elementor-column elementor-col-100 elementor-top-column elementor-element elementor-element-0cd49ad\" data-id=\"0cd49ad\" data-element_type=\"column\" data-e-type=\"column\">  <div class=\"elementor-widget-wrap elementor-element-populated\">  <div class=\"elementor-element elementor-element-69abe4d elementor-widget elementor-widget-text-editor\" data-id=\"69abe4d\" data-element_type=\"widget\" data-e-type=\"widget\" data-widget_type=\"text-editor.default\">  <div class=\"elementor-widget-container\"> <p>Musicien professionnel depuis pas mal de temps, j\u2019ai d\u00e9couvert la MAO en 1999, et depuis j&rsquo; essaye de me perfectionner dans ce domaine, tout en continuant \u00e0 travailler la musique.\u00a0 j&rsquo; ai\u00a0 trouv\u00e9 que la qualification de\u00a0 \u00ab\u00a0faiseur de musiques\u00a0\u00bb allait bien avec la nature de mon travail.<\/p> <\/div>  <\/div>  <\/div>  <\/div>  <\/div> <\/section>\n\t\t\t\t<section class=\"elementor-section elementor-top-section elementor-element elementor-element-49e3651 elementor-section-boxed elementor-section-height-default elementor-section-height-default\" data-id=\"49e3651\" data-element_type=\"section\" data-e-type=\"section\"> <div class=\"elementor-container elementor-column-gap-default\">  <div class=\"elementor-column elementor-col-50 elementor-top-column elementor-element elementor-element-e9e3f08\" data-id=\"e9e3f08\" data-element_type=\"column\" data-e-type=\"column\">  <div class=\"elementor-widget-wrap elementor-element-populated\">  <div class=\"elementor-element elementor-element-555e448 elementor-widget elementor-widget-heading\" data-id=\"555e448\" data-element_type=\"widget\" data-e-type=\"widget\" data-widget_type=\"heading.default\">  <div class=\"elementor-widget-container\"> <h4 class=\"elementor-heading-title elementor-size-default\">Parcours<br> Musicien<\/h4> <\/div>  <\/div>  <div class=\"elementor-element elementor-element-80fd8bf elementor-widget elementor-widget-text-editor\" data-id=\"80fd8bf\" data-element_type=\"widget\" data-e-type=\"widget\" data-widget_type=\"text-editor.default\">  <div class=\"elementor-widget-container\"> <p>je suis devenu musicien professionnel en 1975, j&rsquo;ai commenc\u00e9 par faire du bal\u00a0 (guitare), puis j&rsquo;ai travaill\u00e9 dans pas mal de domaines.<\/p> <\/div>  <\/div>  <div class=\"elementor-element elementor-element-dcb1e17 elementor-widget elementor-widget-heading\" data-id=\"dcb1e17\" data-element_type=\"widget\" data-e-type=\"widget\" data-widget_type=\"heading.default\">  <div class=\"elementor-widget-container\"> <h5 class=\"elementor-heading-title elementor-size-default\">Groupes de musique<\/h5> <\/div>  <\/div>  <div class=\"elementor-element elementor-element-e8c52b7 elementor-widget elementor-widget-text-editor\" data-id=\"e8c52b7\" data-element_type=\"widget\" data-e-type=\"widget\" data-widget_type=\"text-editor.default\">  <div class=\"elementor-widget-container\"> <p>Picodon Jazz Band, Claude Marti, los Pistoleros, big band de l&rsquo; IMFP, Ulysse Orchestra, Swing Big Band Memoriy, Brass Bones Project, Adios Amor&#8230;<\/p> <\/div>  <\/div>  <\/div>  <\/div>  <div class=\"elementor-column elementor-col-50 elementor-top-column elementor-element elementor-element-f4daa15\" data-id=\"f4daa15\" data-element_type=\"column\" data-e-type=\"column\">  <div class=\"elementor-widget-wrap elementor-element-populated\">  <div class=\"elementor-element elementor-element-7e0a313 elementor-widget elementor-widget-heading\" data-id=\"7e0a313\" data-element_type=\"widget\" data-e-type=\"widget\" data-widget_type=\"heading.default\">  <div class=\"elementor-widget-container\"> <h5 class=\"elementor-heading-title elementor-size-default\">Th\u00e9\u00e2tre, th\u00e9\u00e2tre de rue<\/h5> <\/div>  <\/div>  <div class=\"elementor-element elementor-element-20cc7d1 elementor-widget elementor-widget-text-editor\" data-id=\"20cc7d1\" data-element_type=\"widget\" data-e-type=\"widget\" data-widget_type=\"text-editor.default\">  <div class=\"elementor-widget-container\"> <p><em>Com\u00e9dien (plut\u00f4t clown), compositions, arrangements, trombone, banjo, guitare&#8230;<\/em><\/p><p>Cirque en Kit,\u00a0 Cie Subito, Cie\u00a0 Dynamog\u00e8ne, Cie les Enjoliveurs&#8230;<em><br \/><\/em><\/p> <\/div>  <\/div>  <\/div>  <\/div>  <\/div> <\/section>\n\t\t\t\t<section class=\"elementor-section elementor-top-section elementor-element elementor-element-41f6056 elementor-section-boxed elementor-section-height-default elementor-section-height-default\" data-id=\"41f6056\" data-element_type=\"section\" data-e-type=\"section\"> <div class=\"elementor-container elementor-column-gap-default\">  <div class=\"elementor-column elementor-col-50 elementor-top-column elementor-element elementor-element-af1fb08\" data-id=\"af1fb08\" data-element_type=\"column\" data-e-type=\"column\">  <div class=\"elementor-widget-wrap elementor-element-populated\">  <div class=\"elementor-element elementor-element-028ceed elementor-widget elementor-widget-image\" data-id=\"028ceed\" data-element_type=\"widget\" data-e-type=\"widget\" data-widget_type=\"image.default\">  <div class=\"elementor-widget-container\"> <figure class=\"wp-caption\">\n\t\t\t\t\t\t\t\t\t\t<img decoding=\"async\" width=\"768\" height=\"500\" src=\"https:\/\/patrickmiralles.com\/wp-content\/uploads\/2021\/02\/tubes_1-768x500-1.jpg\" class=\"attachment-large size-large wp-image-3016\" alt=\"\" srcset=\"https:\/\/patrickmiralles.com\/wp-content\/uploads\/2021\/02\/tubes_1-768x500-1.jpg 768w, https:\/\/patrickmiralles.com\/wp-content\/uploads\/2021\/02\/tubes_1-768x500-1-300x195.jpg 300w\" sizes=\"(max-width: 768px) 100vw, 768px\" \/>\t\t\t\t\t\t\t\t\t\t\t<figcaption class=\"widget-image-caption wp-caption-text\">Cirque en Kit<\/figcaption>\n\t\t\t\t\t\t\t\t\t\t<\/figure> <\/div>  <\/div>  <\/div>  <\/div>  <div class=\"elementor-column elementor-col-50 elementor-top-column elementor-element elementor-element-25d688f\" data-id=\"25d688f\" data-element_type=\"column\" data-e-type=\"column\">  <div class=\"elementor-widget-wrap elementor-element-populated\">  <div class=\"elementor-element elementor-element-e2efd10 elementor-widget elementor-widget-image\" data-id=\"e2efd10\" data-element_type=\"widget\" data-e-type=\"widget\" data-widget_type=\"image.default\">  <div class=\"elementor-widget-container\"> <figure class=\"wp-caption\">\n\t\t\t\t\t\t\t\t\t\t<img decoding=\"async\" width=\"768\" height=\"511\" src=\"https:\/\/patrickmiralles.com\/wp-content\/uploads\/2021\/02\/pistols.recadre-768x511.jpg\" class=\"attachment-medium_large size-medium_large wp-image-3161\" alt=\"\" srcset=\"https:\/\/patrickmiralles.com\/wp-content\/uploads\/2021\/02\/pistols.recadre-768x511.jpg 768w, https:\/\/patrickmiralles.com\/wp-content\/uploads\/2021\/02\/pistols.recadre-300x200.jpg 300w, https:\/\/patrickmiralles.com\/wp-content\/uploads\/2021\/02\/pistols.recadre-1024x681.jpg 1024w, https:\/\/patrickmiralles.com\/wp-content\/uploads\/2021\/02\/pistols.recadre-1536x1021.jpg 1536w, https:\/\/patrickmiralles.com\/wp-content\/uploads\/2021\/02\/pistols.recadre-2048x1362.jpg 2048w\" sizes=\"(max-width: 768px) 100vw, 768px\" \/>\t\t\t\t\t\t\t\t\t\t\t<figcaption class=\"widget-image-caption wp-caption-text\">Los Pistoleros<\/figcaption>\n\t\t\t\t\t\t\t\t\t\t<\/figure> <\/div>  <\/div>  <\/div>  <\/div>  <\/div> <\/section>\n\t\t\t\t<section class=\"elementor-section elementor-top-section elementor-element elementor-element-6c51285 elementor-section-boxed elementor-section-height-default elementor-section-height-default\" data-id=\"6c51285\" data-element_type=\"section\" data-e-type=\"section\"> <div class=\"elementor-container elementor-column-gap-default\">  <div class=\"elementor-column elementor-col-50 elementor-top-column elementor-element elementor-element-dd5cb3c\" data-id=\"dd5cb3c\" data-element_type=\"column\" data-e-type=\"column\">  <div class=\"elementor-widget-wrap elementor-element-populated\">  <div class=\"elementor-element elementor-element-ed73a33 elementor-widget elementor-widget-heading\" data-id=\"ed73a33\" data-element_type=\"widget\" data-e-type=\"widget\" data-widget_type=\"heading.default\">  <div class=\"elementor-widget-container\"> <h4 class=\"elementor-heading-title elementor-size-default\">Parcours<br> Studio<\/h4> <\/div>  <\/div>  <div class=\"elementor-element elementor-element-b1fcd91 elementor-widget elementor-widget-heading\" data-id=\"b1fcd91\" data-element_type=\"widget\" data-e-type=\"widget\" data-widget_type=\"heading.default\">  <div class=\"elementor-widget-container\"> <h5 class=\"elementor-heading-title elementor-size-default\">Historique<\/h5> <\/div>  <\/div>  <div class=\"elementor-element elementor-element-88eec28 elementor-widget elementor-widget-text-editor\" data-id=\"88eec28\" data-element_type=\"widget\" data-e-type=\"widget\" data-widget_type=\"text-editor.default\">  <div class=\"elementor-widget-container\"> <p>J&rsquo;ai connu les studios assez t\u00f4t en tant que musicien, \u00e0 l&rsquo;\u00e9poque o\u00f9 c&rsquo;\u00e9tait assez inimaginable de pouvoir un jour poss\u00e9der son propre studio.\u00a0 j&rsquo;avais cependant achet\u00e9 un magn\u00e9tophone 4 pistes \u00e0 k7 pour faire mes premiers enregistrements.<\/p> <\/div>  <\/div>  <div class=\"elementor-element elementor-element-9367cdd elementor-widget elementor-widget-heading\" data-id=\"9367cdd\" data-element_type=\"widget\" data-e-type=\"widget\" data-widget_type=\"heading.default\">  <div class=\"elementor-widget-container\"> <h5 class=\"elementor-heading-title elementor-size-default\">Formation<\/h5> <\/div>  <\/div>  <div class=\"elementor-element elementor-element-2b98577 elementor-widget elementor-widget-text-editor\" data-id=\"2b98577\" data-element_type=\"widget\" data-e-type=\"widget\" data-widget_type=\"text-editor.default\">  <div class=\"elementor-widget-container\"> <p>En 1999 j&rsquo;ai particip\u00e9 \u00e0 un stage de MAO au \u201c Recall Studio \u201d, c&rsquo;est l\u00e0 que j&rsquo;ai d\u00e9couvert \u00ab\u00a0pro tools\u00a0\u00bb que je pratique toujours, et les grandes opportunit\u00e9s du num\u00e9rique. Je n&rsquo;ai pas arr\u00eat\u00e9 de me former depuis, beaucoup sur le Net, mais aussi au cours de stages, notamment avec <a href=\"https:\/\/deveniringeson.com\/a-propos\/\" target=\"_blank\" rel=\"noopener\"> <span style=\"color: #800000;\"> Nicolas Echalier<\/span>. <\/a> <\/div>  <\/div>  <\/div>  <\/div>  <div class=\"elementor-column elementor-col-50 elementor-top-column elementor-element elementor-element-7e8c059\" data-id=\"7e8c059\" data-element_type=\"column\" data-e-type=\"column\">  <div class=\"elementor-widget-wrap elementor-element-populated\">  <div class=\"elementor-element elementor-element-efc4bc8 elementor-widget elementor-widget-image\" data-id=\"efc4bc8\" data-element_type=\"widget\" data-e-type=\"widget\" data-widget_type=\"image.default\">  <div class=\"elementor-widget-container\"> <figure class=\"wp-caption\">\n\t\t\t\t\t\t\t\t\t\t<img loading=\"lazy\" decoding=\"async\" width=\"1024\" height=\"683\" src=\"https:\/\/patrickmiralles.com\/wp-content\/uploads\/2021\/02\/Workshop-6-1024x683.jpg\" class=\"attachment-large size-large wp-image-3030\" alt=\"\" srcset=\"https:\/\/patrickmiralles.com\/wp-content\/uploads\/2021\/02\/Workshop-6-1024x683.jpg 1024w, https:\/\/patrickmiralles.com\/wp-content\/uploads\/2021\/02\/Workshop-6-300x200.jpg 300w, https:\/\/patrickmiralles.com\/wp-content\/uploads\/2021\/02\/Workshop-6-768x512.jpg 768w, https:\/\/patrickmiralles.com\/wp-content\/uploads\/2021\/02\/Workshop-6-1536x1024.jpg 1536w, https:\/\/patrickmiralles.com\/wp-content\/uploads\/2021\/02\/Workshop-6-2048x1365.jpg 2048w\" sizes=\"(max-width: 1024px) 100vw, 1024px\" \/>\t\t\t\t\t\t\t\t\t\t\t<figcaption class=\"widget-image-caption wp-caption-text\">Au studio de Nicolas Echalier - stage 2018<\/figcaption>\n\t\t\t\t\t\t\t\t\t\t<\/figure> <\/div>  <\/div>  <\/div>  <\/div>  <\/div> <\/section>\n\t\t\t\t<section class=\"elementor-section elementor-top-section elementor-element elementor-element-cf75c66 elementor-section-boxed elementor-section-height-default elementor-section-height-default\" data-id=\"cf75c66\" data-element_type=\"section\" data-e-type=\"section\"> <div class=\"elementor-container elementor-column-gap-default\">  <div class=\"elementor-column elementor-col-50 elementor-top-column elementor-element elementor-element-d33ad6a\" data-id=\"d33ad6a\" data-element_type=\"column\" data-e-type=\"column\">  <div class=\"elementor-widget-wrap elementor-element-populated\">  <div class=\"elementor-element elementor-element-93ec509 elementor-widget elementor-widget-image\" data-id=\"93ec509\" data-element_type=\"widget\" data-e-type=\"widget\" data-widget_type=\"image.default\">  <div class=\"elementor-widget-container\"> <img loading=\"lazy\" decoding=\"async\" width=\"150\" height=\"150\" src=\"https:\/\/patrickmiralles.com\/wp-content\/uploads\/2018\/11\/HomOrchestre1-1024x613-150x150.jpg\" class=\"attachment-thumbnail size-thumbnail wp-image-564\" alt=\"\" \/> <\/div>  <\/div>  <\/div>  <\/div>  <div class=\"elementor-column elementor-col-50 elementor-top-column elementor-element elementor-element-de4efb1\" data-id=\"de4efb1\" data-element_type=\"column\" data-e-type=\"column\">  <div class=\"elementor-widget-wrap elementor-element-populated\">  <div class=\"elementor-element elementor-element-7b85f78 elementor-widget elementor-widget-text-editor\" data-id=\"7b85f78\" data-element_type=\"widget\" data-e-type=\"widget\" data-widget_type=\"text-editor.default\">  <div class=\"elementor-widget-container\"> <p>Petite musique d&rsquo; accueil : Au lever du jour (2025)<\/p> <\/div>  <\/div>  <div class=\"elementor-element elementor-element-6bc9c8b elementor-widget elementor-widget-zoomsounds_player\" data-id=\"6bc9c8b\" data-element_type=\"widget\" data-e-type=\"widget\" data-widget_type=\"zoomsounds_player.default\">  <div class=\"elementor-widget-container\">  <div class=\"dzsap--elementor-widget\">  <div class=\"audioplayer-tobe  playerid-24793988 ap_idx_242_1 is-single-player apconfig-default zoomsounds-no-wrapper  skin-wave ap24793988 auto-init\"  data-options='{\"skinwave_comments_playerid\":\"0\",\"design_skin\":\"skin-wave\",\"playfrom\":\"\",\"skinwave_enablereflect\":\"on\",\"skinwave_wave_mode_canvas_waves_number\":\"3\",\"skinwave_wave_mode_canvas_waves_padding\":\"1\",\"skinwave_wave_mode_canvas_reflection_size\":\"0.25\",\"cue\":\"auto\",\"embedded\":\"off\",\"settings_php_handler\":\"wpdefault\"}' style=\" opacity: 0; \" data-streamtype=\"off\" id=\"ap24793988\" data-playerid=\"24793988\" data-computed-playerid=\"24793988\" data-sanitized_source=\"httppatrickmirallescomwpcontentuploads202502Auleverdujourmp3\" data-wrapper-image=\"\"  data-sample_time_total=\"289\" data-pcm='[0.17,0.03,0.17,0.11,0.12,0.13,0.11,0.1,0.09,0.18,0.1,0.08,0.12,0.06,0.07,0.09,0.09,0.13,0.18,0.2,0.18,0.2,0.23,0.11,0.03,0.09,0.05,0.12,0.17,0.2,0.15,0.12,0.13,0,0.18,0.08,0.1,0.12,0.11,0.14,0.17,0.18,0.09,0.08,0.15,0.09,0.13,0.15,0.2,0.13,0.15,0.21,0.17,0.16,0.14,0.07,0.23,0.3,0.17,0.16,0.22,0.28,0.13,0.12,0.22,0.15,0.08,0.1,0.23,0.21,0.16,0.23,0.16,0.17,0.25,0.3,0.24,0.13,0.24,0.09,0.32,0.21,0.13,0.42,0.23,0.17,0.27,0.28,0.22,0.29,0.24,0.16,0.27,0.31,0.33,0.3,0.33,0.3,0.21,0.09,0.3,0.2,0.2,0.29,0.13,0.34,0.42,0.34,0.27,0.15,0.28,0.25,0.14,0.15,0.25,0.11,0.29,0.48,0.21,0.15,0.21,0.08,0.25,0.15,0.22,0.22,0.13,0.35,0.23,0.24,0.25,0.11,0.31,0.33,0.27,0.32,0.1,0.28,0.17,0.23,0.26,0.2,0.23,0.48,0.13,0.26,0.2,0.19,0.2,0.28,0.43,0.33,0.19,0.33,0.24,0.25,0.2,0.2,0.23,0.36,0.12,0.37,0.2,0.38,0.18,0.23,0.17,0.27,0.26,0.29,0.29,0.44,0.34,0.45,0.17,0.1,0.18,0.15,0.26,0.31,0.3,0.2,0.11,0.43,0.22,0.48,0.25,0.23,0.27,0.38,0.16,0.16,0.21,0.13,0.23,0.3,0.21,0.22,0.2,0.19,0.33,0.16,0.08,0.13,0.21,0.38,0.33,0.49,0.31,0.17,0.28,0.11,0.23,0.44,0.31,0.46,0.25,0.47,0.24,0.34,0.33,0.34,0.29,0.21,0.13,0.22,0.14,0.41,0.16,0.28,0.3,0.08,0.19,0.12,0.2,0.23,0.23,0.22,0.21,0.21,0.28,0.21,0.25,0.06,0.27,0.29,0.28,0.17,0.17,0.16,0.5,0.14,0.42,0.08,0.28,0.5,0.3,0.07,0.18,0.26,0.3,0.41,0.27,0.25,0.31,0.31,0.23,0.18,0.29,0.34,0.18,0.3,0.29,0.37,0.23,0.2,0.37,0.2,0.21,0.36,0.24,0.31,0.27,0.52,0.31,0.11,0.22,0.27,0.16,0.26,0.29,0.22,0.28,0.23,0.33,0.29,0.26,0.26,0.17,0.39,0.31,0.38,0.35,0.19,0.34,0.29,0.38,0.16,0.21,0.37,0.18,0.28,0.31,0.23,0.21,0.15,0.15,0.29,0.2,0.17,0.25,0.23,0.32,0.14,0.21,0.24,0.22,0.27,0.43,0.51,0.29,0.41,0.12,0.21,0.09,0.35,0.27,0.16,0.11,0.43,0.23,0.22,0.2,0.07,0.18,0.46,0.19,0.28,0.16,0.11,0.17,0.3,0.31,0.05,0.28,0.35,0.34,0.19,0.29,0.26,0.14,0.17,0.31,0.1,0.09,0.11,0.14,0.22,0.1,0.26,0.21,0.15,0.1,0.2,0.22,0.06,0.24,0.12,0.25,0.14,0.17,0.17,0.33,0.22,0.09,0.2,0.09,0.18,0.03,0.06,0.03,0.04,0.01,0.01,0,0,0,0,0,0]' data-type=\"shoutcast\" data-source=\"http:\/\/patrickmiralles.com\/wp-content\/uploads\/2025\/02\/Au-lever-du-jour.mp3\">  <div hidden class=\"feed-dzsap feed-artist-name\"> P Miralles <\/div>  <div hidden class=\"feed-dzsap feed-song-name\"> Au lever du jour <\/div>  <div class=\"meta-artist track-meta-for-dzsap\"> <span class=\"the-artist first-line\"><span class=\"first-line-label\" >P Miralles<\/span><\/span><span class=\"the-name the-songname second-line\" >Au lever du jour<\/span> <\/div>  <div class=\"menu-description\"> <span class=\"the-artist\">P Miralles<\/span><span class=\"the-name\">Au lever du jour<\/span> <\/div>  <\/div>  <\/div>  <\/div>  <\/div>  <\/div>  <\/div>  <\/div> <\/section>\n\t\t\t\t<section class=\"elementor-section elementor-top-section elementor-element elementor-element-f35ed5c elementor-section-boxed elementor-section-height-default elementor-section-height-default\" data-id=\"f35ed5c\" data-element_type=\"section\" data-e-type=\"section\"> <div class=\"elementor-container elementor-column-gap-default\">  <div class=\"elementor-column elementor-col-100 elementor-top-column elementor-element elementor-element-76dcac3\" data-id=\"76dcac3\" data-element_type=\"column\" data-e-type=\"column\">  <div class=\"elementor-widget-wrap elementor-element-populated\">  <div class=\"elementor-element elementor-element-9d29e07 elementor-align-left elementor-hidden-phone elementor-widget elementor-widget-button\" data-id=\"9d29e07\" data-element_type=\"widget\" data-e-type=\"widget\" data-settings=\"{&quot;_animation&quot;:&quot;none&quot;}\" data-widget_type=\"button.default\">  <div class=\"elementor-widget-container\">  <div class=\"elementor-button-wrapper\"> <a class=\"elementor-button elementor-button-link elementor-size-xs\" href=\"#\" id=\"HAUT\"> <span class=\"elementor-button-content-wrapper\">\n\t\t\t\t\t\t<span class=\"elementor-button-icon\">\n\t\t\t\t<i aria-hidden=\"true\" class=\"fas fa-angle-up\"><\/i>\t\t\t<\/span>\n\t\t\t\t\t\t\t\t\t<span class=\"elementor-button-text\">Haut de page<\/span>\n\t\t\t\t\t<\/span> <\/a> <\/div>  <\/div>  <\/div>  <\/div>  <\/div>  <\/div> <\/section> <\/div> ","protected":false},"excerpt":{"rendered":"<p>PatrickMiralles Faiseur de musiques Musicien professionnel depuis pas mal de temps, j\u2019ai d\u00e9couvert la MAO en 1999, et depuis j&rsquo; essaye de me perfectionner dans ce domaine, tout en continuant \u00e0 travailler la musique.\u00a0 j&rsquo; ai\u00a0 trouv\u00e9 que la qualification de\u00a0 \u00ab\u00a0faiseur de musiques\u00a0\u00bb allait bien avec la nature de mon travail. Parcours Musicien je&#8230;<\/p>\n","protected":false},"author":1,"featured_media":0,"parent":0,"menu_order":0,"comment_status":"closed","ping_status":"open","template":"elementor_header_footer","meta":{"_stopmodifiedupdate":false,"_modified_date":"","site-sidebar-layout":"default","site-content-layout":"default","ast-site-content-layout":"default","site-content-style":"default","site-sidebar-style":"default","ast-global-header-display":"","ast-banner-title-visibility":"","ast-main-header-display":"disabled","ast-hfb-above-header-display":"","ast-hfb-below-header-display":"","ast-hfb-mobile-header-display":"","site-post-title":"disabled","ast-breadcrumbs-content":"","ast-featured-img":"","footer-sml-layout":"","theme-transparent-header-meta":"enabled","adv-header-id-meta":"","stick-header-meta":"","header-above-stick-meta":"","header-main-stick-meta":"","header-below-stick-meta":"","astra-migrate-meta-layouts":"default","ast-page-background-enabled":"default","ast-page-background-meta":{"desktop":{"background-color":"","background-image":"","background-repeat":"repeat","background-position":"center center","background-size":"auto","background-attachment":"scroll","background-type":"","background-media":"","overlay-type":"","overlay-color":"","overlay-opacity":"","overlay-gradient":""},"tablet":{"background-color":"","background-image":"","background-repeat":"repeat","background-position":"center center","background-size":"auto","background-attachment":"scroll","background-type":"","background-media":"","overlay-type":"","overlay-color":"","overlay-opacity":"","overlay-gradient":""},"mobile":{"background-color":"","background-image":"","background-repeat":"repeat","background-position":"center center","background-size":"auto","background-attachment":"scroll","background-type":"","background-media":"","overlay-type":"","overlay-color":"","overlay-opacity":"","overlay-gradient":""}},"ast-content-background-meta":{"desktop":{"background-color":"var(--ast-global-color-5)","background-image":"","background-repeat":"repeat","background-position":"center center","background-size":"auto","background-attachment":"scroll","background-type":"","background-media":"","overlay-type":"","overlay-color":"","overlay-opacity":"","overlay-gradient":""},"tablet":{"background-color":"var(--ast-global-color-5)","background-image":"","background-repeat":"repeat","background-position":"center center","background-size":"auto","background-attachment":"scroll","background-type":"","background-media":"","overlay-type":"","overlay-color":"","overlay-opacity":"","overlay-gradient":""},"mobile":{"background-color":"var(--ast-global-color-5)","background-image":"","background-repeat":"repeat","background-position":"center center","background-size":"auto","background-attachment":"scroll","background-type":"","background-media":"","overlay-type":"","overlay-color":"","overlay-opacity":"","overlay-gradient":""}},"footnotes":""},"class_list":["post-242","page","type-page","status-publish","hentry"],"_links":{"self":[{"href":"http:\/\/patrickmiralles.com\/index.php?rest_route=\/wp\/v2\/pages\/242","targetHints":{"allow":["GET"]}}],"collection":[{"href":"http:\/\/patrickmiralles.com\/index.php?rest_route=\/wp\/v2\/pages"}],"about":[{"href":"http:\/\/patrickmiralles.com\/index.php?rest_route=\/wp\/v2\/types\/page"}],"author":[{"embeddable":true,"href":"http:\/\/patrickmiralles.com\/index.php?rest_route=\/wp\/v2\/users\/1"}],"replies":[{"embeddable":true,"href":"http:\/\/patrickmiralles.com\/index.php?rest_route=%2Fwp%2Fv2%2Fcomments&post=242"}],"version-history":[{"count":359,"href":"http:\/\/patrickmiralles.com\/index.php?rest_route=\/wp\/v2\/pages\/242\/revisions"}],"predecessor-version":[{"id":7671,"href":"http:\/\/patrickmiralles.com\/index.php?rest_route=\/wp\/v2\/pages\/242\/revisions\/7671"}],"wp:attachment":[{"href":"http:\/\/patrickmiralles.com\/index.php?rest_route=%2Fwp%2Fv2%2Fmedia&parent=242"}],"curies":[{"name":"wp","href":"https:\/\/api.w.org\/{rel}","templated":true}]}}